{"id":4,"date":"2025-01-16T13:52:00","date_gmt":"2025-01-16T13:52:00","guid":{"rendered":"https:\/\/williams-restaurant.ms2.decms.eu\/?page_id=4"},"modified":"2026-03-04T12:22:39","modified_gmt":"2026-03-04T12:22:39","slug":"williams-restaurant","status":"publish","type":"page","link":"https:\/\/www.restaurantwilliams.com\/cs\/","title":{"rendered":"William&#8217;s Restaurant"},"content":{"rendered":"<p class=\"\" style=\"text-align: center\" data-start=\"59\" data-end=\"279\">Prostorn\u00e1 a elegantn\u011b za\u0159\u00edzen\u00e1 restaurace s kr\u00e1sn\u00fdm v\u00fdhledem na p\u0159ilehl\u00fd park nab\u00edz\u00ed pohodln\u00e9 posezen\u00ed a\u017e pro 118 host\u016f. Je ide\u00e1ln\u00edm m\u00edstem pro romantick\u00e9 ve\u010de\u0159e, rodinn\u00e9 oslavy, firemn\u00ed akce i dal\u0161\u00ed spole\u010densk\u00e1 setk\u00e1n\u00ed.<\/p>\n<p class=\"\" style=\"text-align: center\" data-start=\"281\" data-end=\"468\">V letn\u00edch m\u011bs\u00edc\u00edch je k dispozici p\u0159\u00edjemn\u00e1 venkovn\u00ed terasa, kter\u00e1 zve k posezen\u00ed s v\u00fdhledem do zelen\u011b, a\u0165 u\u017e p\u0159ijdete na ob\u011bd nebo ve\u010de\u0159i.<\/p>\n<p class=\"\" style=\"text-align: center\" data-start=\"470\" data-end=\"585\">B\u011bhem hork\u00fdch letn\u00edch dn\u016f se m\u016f\u017eete osv\u011b\u017eit na\u0161\u00ed v\u00fdbornou zmrzlinou \u2013 sladk\u00fdm pot\u011b\u0161en\u00edm, kter\u00e9 pot\u011b\u0161\u00ed mal\u00e9 i velk\u00e9.<\/p>\n<p class=\"\" style=\"text-align: center\" data-start=\"587\" data-end=\"688\">T\u011b\u0161\u00edme se na va\u0161i n\u00e1v\u0161t\u011bvu a v\u011b\u0159\u00edme, \u017ee si u n\u00e1s u\u017eijete p\u0159\u00edjemn\u00e9 chv\u00edle pln\u00e9 pohody a dobr\u00e9ho j\u00eddla.<\/p>\n<p style=\"text-align: center\">\n","protected":false},"excerpt":{"rendered":"<p>Prostorn\u00e1 a elegantn\u011b za\u0159\u00edzen\u00e1 restaurace s kr\u00e1sn\u00fdm v\u00fdhledem na p\u0159ilehl\u00fd park nab\u00edz\u00ed pohodln\u00e9 posezen\u00ed a\u017e pro 118 host\u016f. Je ide\u00e1ln\u00edm m\u00edstem pro romantick\u00e9 ve\u010de\u0159e, rodinn\u00e9 oslavy, firemn\u00ed akce i dal\u0161\u00ed spole\u010densk\u00e1 setk\u00e1n\u00ed. V letn\u00edch m\u011bs\u00edc\u00edch je k dispozici p\u0159\u00edjemn\u00e1 venkovn\u00ed terasa, kter\u00e1 zve k posezen\u00ed s v\u00fdhledem do zelen\u011b, a\u0165 u\u017e p\u0159ijdete na ob\u011bd nebo [&hellip;]<\/p>\n","protected":false},"author":13,"featured_media":0,"parent":0,"menu_order":0,"comment_status":"closed","ping_status":"closed","template":"template-landing-page.php","meta":{"footnotes":""},"class_list":["post-4","page","type-page","status-publish","hentry"],"yoast_head":"<!-- This site is optimized with the Yoast SEO plugin v27.3 - https:\/\/yoast.com\/product\/yoast-seo-wordpress\/ -->\n<title>William&#039;s Restaurant - William&#039;s restaurant<\/title>\n<meta name=\"robots\" content=\"index, follow, max-snippet:-1, max-image-preview:large, max-video-preview:-1\" \/>\n<link rel=\"canonical\" href=\"https:\/\/www.restaurantwilliams.com\/cs\/\" \/>\n<meta property=\"og:locale\" content=\"cs_CZ\" \/>\n<meta property=\"og:type\" content=\"article\" \/>\n<meta property=\"og:title\" content=\"William&#039;s Restaurant - William&#039;s restaurant\" \/>\n<meta property=\"og:description\" content=\"Prostorn\u00e1 a elegantn\u011b za\u0159\u00edzen\u00e1 restaurace s kr\u00e1sn\u00fdm v\u00fdhledem na p\u0159ilehl\u00fd park nab\u00edz\u00ed pohodln\u00e9 posezen\u00ed a\u017e pro 118 host\u016f. Je ide\u00e1ln\u00edm m\u00edstem pro romantick\u00e9 ve\u010de\u0159e, rodinn\u00e9 oslavy, firemn\u00ed akce i dal\u0161\u00ed spole\u010densk\u00e1 setk\u00e1n\u00ed. V letn\u00edch m\u011bs\u00edc\u00edch je k dispozici p\u0159\u00edjemn\u00e1 venkovn\u00ed terasa, kter\u00e1 zve k posezen\u00ed s v\u00fdhledem do zelen\u011b, a\u0165 u\u017e p\u0159ijdete na ob\u011bd nebo [&hellip;]\" \/>\n<meta property=\"og:url\" content=\"https:\/\/www.restaurantwilliams.com\/cs\/\" \/>\n<meta property=\"og:site_name\" content=\"William&#039;s restaurant\" \/>\n<meta property=\"article:modified_time\" content=\"2026-03-04T12:22:39+00:00\" \/>\n<meta property=\"og:image\" content=\"https:\/\/www.restaurantwilliams.com\/wp-content\/uploads\/sites\/200\/2025\/01\/Harvey_Restaurant_Exterior_slide.jpg\" \/>\n\t<meta property=\"og:image:width\" content=\"2200\" \/>\n\t<meta property=\"og:image:height\" content=\"1200\" \/>\n\t<meta property=\"og:image:type\" content=\"image\/jpeg\" \/>\n<meta name=\"twitter:card\" content=\"summary_large_image\" \/>\n<meta name=\"twitter:label1\" content=\"Odhadovan\u00e1 doba \u010dten\u00ed\" \/>\n\t<meta name=\"twitter:data1\" content=\"1 minuta\" \/>\n<script type=\"application\/ld+json\" class=\"yoast-schema-graph\">{\"@context\":\"https:\\\/\\\/schema.org\",\"@graph\":[{\"@type\":\"WebPage\",\"@id\":\"https:\\\/\\\/www.restaurantwilliams.com\\\/cs\\\/\",\"url\":\"https:\\\/\\\/www.restaurantwilliams.com\\\/cs\\\/\",\"name\":\"William's Restaurant - William&#039;s restaurant\",\"isPartOf\":{\"@id\":\"https:\\\/\\\/www.restaurantwilliams.com\\\/cs\\\/#website\"},\"datePublished\":\"2025-01-16T13:52:00+00:00\",\"dateModified\":\"2026-03-04T12:22:39+00:00\",\"breadcrumb\":{\"@id\":\"https:\\\/\\\/www.restaurantwilliams.com\\\/cs\\\/#breadcrumb\"},\"inLanguage\":\"cs\",\"potentialAction\":[{\"@type\":\"ReadAction\",\"target\":[\"https:\\\/\\\/www.restaurantwilliams.com\\\/cs\\\/\"]}]},{\"@type\":\"BreadcrumbList\",\"@id\":\"https:\\\/\\\/www.restaurantwilliams.com\\\/cs\\\/#breadcrumb\",\"itemListElement\":[{\"@type\":\"ListItem\",\"position\":1,\"name\":\"Home\",\"item\":\"https:\\\/\\\/www.restaurantwilliams.com\\\/cs\\\/\"},{\"@type\":\"ListItem\",\"position\":2,\"name\":\"William&#8217;s Restaurant\"}]},{\"@type\":\"WebSite\",\"@id\":\"https:\\\/\\\/www.restaurantwilliams.com\\\/cs\\\/#website\",\"url\":\"https:\\\/\\\/www.restaurantwilliams.com\\\/cs\\\/\",\"name\":\"William's restaurant\",\"description\":\"\",\"publisher\":{\"@id\":\"https:\\\/\\\/www.restaurantwilliams.com\\\/cs\\\/#organization\"},\"potentialAction\":[{\"@type\":\"SearchAction\",\"target\":{\"@type\":\"EntryPoint\",\"urlTemplate\":\"https:\\\/\\\/www.restaurantwilliams.com\\\/cs\\\/?s={search_term_string}\"},\"query-input\":{\"@type\":\"PropertyValueSpecification\",\"valueRequired\":true,\"valueName\":\"search_term_string\"}}],\"inLanguage\":\"cs\"},{\"@type\":\"Organization\",\"@id\":\"https:\\\/\\\/www.restaurantwilliams.com\\\/cs\\\/#organization\",\"name\":\"William's restaurant\",\"url\":\"https:\\\/\\\/www.restaurantwilliams.com\\\/cs\\\/\",\"logo\":{\"@type\":\"ImageObject\",\"inLanguage\":\"cs\",\"@id\":\"https:\\\/\\\/www.restaurantwilliams.com\\\/cs\\\/#\\\/schema\\\/logo\\\/image\\\/\",\"url\":\"https:\\\/\\\/www.restaurantwilliams.com\\\/wp-content\\\/uploads\\\/sites\\\/200\\\/2025\\\/01\\\/williams_logo_black.png\",\"contentUrl\":\"https:\\\/\\\/www.restaurantwilliams.com\\\/wp-content\\\/uploads\\\/sites\\\/200\\\/2025\\\/01\\\/williams_logo_black.png\",\"width\":400,\"height\":182,\"caption\":\"William's restaurant\"},\"image\":{\"@id\":\"https:\\\/\\\/www.restaurantwilliams.com\\\/cs\\\/#\\\/schema\\\/logo\\\/image\\\/\"}}]}<\/script>\n<!-- \/ Yoast SEO plugin. -->","yoast_head_json":{"title":"William's Restaurant - William&#039;s restaurant","robots":{"index":"index","follow":"follow","max-snippet":"max-snippet:-1","max-image-preview":"max-image-preview:large","max-video-preview":"max-video-preview:-1"},"canonical":"https:\/\/www.restaurantwilliams.com\/cs\/","og_locale":"cs_CZ","og_type":"article","og_title":"William's Restaurant - William&#039;s restaurant","og_description":"Prostorn\u00e1 a elegantn\u011b za\u0159\u00edzen\u00e1 restaurace s kr\u00e1sn\u00fdm v\u00fdhledem na p\u0159ilehl\u00fd park nab\u00edz\u00ed pohodln\u00e9 posezen\u00ed a\u017e pro 118 host\u016f. Je ide\u00e1ln\u00edm m\u00edstem pro romantick\u00e9 ve\u010de\u0159e, rodinn\u00e9 oslavy, firemn\u00ed akce i dal\u0161\u00ed spole\u010densk\u00e1 setk\u00e1n\u00ed. V letn\u00edch m\u011bs\u00edc\u00edch je k dispozici p\u0159\u00edjemn\u00e1 venkovn\u00ed terasa, kter\u00e1 zve k posezen\u00ed s v\u00fdhledem do zelen\u011b, a\u0165 u\u017e p\u0159ijdete na ob\u011bd nebo [&hellip;]","og_url":"https:\/\/www.restaurantwilliams.com\/cs\/","og_site_name":"William&#039;s restaurant","article_modified_time":"2026-03-04T12:22:39+00:00","og_image":[{"width":2200,"height":1200,"url":"https:\/\/www.restaurantwilliams.com\/wp-content\/uploads\/sites\/200\/2025\/01\/Harvey_Restaurant_Exterior_slide.jpg","type":"image\/jpeg"}],"twitter_card":"summary_large_image","twitter_misc":{"Odhadovan\u00e1 doba \u010dten\u00ed":"1 minuta"},"schema":{"@context":"https:\/\/schema.org","@graph":[{"@type":"WebPage","@id":"https:\/\/www.restaurantwilliams.com\/cs\/","url":"https:\/\/www.restaurantwilliams.com\/cs\/","name":"William's Restaurant - William&#039;s restaurant","isPartOf":{"@id":"https:\/\/www.restaurantwilliams.com\/cs\/#website"},"datePublished":"2025-01-16T13:52:00+00:00","dateModified":"2026-03-04T12:22:39+00:00","breadcrumb":{"@id":"https:\/\/www.restaurantwilliams.com\/cs\/#breadcrumb"},"inLanguage":"cs","potentialAction":[{"@type":"ReadAction","target":["https:\/\/www.restaurantwilliams.com\/cs\/"]}]},{"@type":"BreadcrumbList","@id":"https:\/\/www.restaurantwilliams.com\/cs\/#breadcrumb","itemListElement":[{"@type":"ListItem","position":1,"name":"Home","item":"https:\/\/www.restaurantwilliams.com\/cs\/"},{"@type":"ListItem","position":2,"name":"William&#8217;s Restaurant"}]},{"@type":"WebSite","@id":"https:\/\/www.restaurantwilliams.com\/cs\/#website","url":"https:\/\/www.restaurantwilliams.com\/cs\/","name":"William's restaurant","description":"","publisher":{"@id":"https:\/\/www.restaurantwilliams.com\/cs\/#organization"},"potentialAction":[{"@type":"SearchAction","target":{"@type":"EntryPoint","urlTemplate":"https:\/\/www.restaurantwilliams.com\/cs\/?s={search_term_string}"},"query-input":{"@type":"PropertyValueSpecification","valueRequired":true,"valueName":"search_term_string"}}],"inLanguage":"cs"},{"@type":"Organization","@id":"https:\/\/www.restaurantwilliams.com\/cs\/#organization","name":"William's restaurant","url":"https:\/\/www.restaurantwilliams.com\/cs\/","logo":{"@type":"ImageObject","inLanguage":"cs","@id":"https:\/\/www.restaurantwilliams.com\/cs\/#\/schema\/logo\/image\/","url":"https:\/\/www.restaurantwilliams.com\/wp-content\/uploads\/sites\/200\/2025\/01\/williams_logo_black.png","contentUrl":"https:\/\/www.restaurantwilliams.com\/wp-content\/uploads\/sites\/200\/2025\/01\/williams_logo_black.png","width":400,"height":182,"caption":"William's restaurant"},"image":{"@id":"https:\/\/www.restaurantwilliams.com\/cs\/#\/schema\/logo\/image\/"}}]}},"acf":[],"_links":{"self":[{"href":"https:\/\/www.restaurantwilliams.com\/cs\/wp-json\/wp\/v2\/pages\/4","targetHints":{"allow":["GET"]}}],"collection":[{"href":"https:\/\/www.restaurantwilliams.com\/cs\/wp-json\/wp\/v2\/pages"}],"about":[{"href":"https:\/\/www.restaurantwilliams.com\/cs\/wp-json\/wp\/v2\/types\/page"}],"author":[{"embeddable":true,"href":"https:\/\/www.restaurantwilliams.com\/cs\/wp-json\/wp\/v2\/users\/13"}],"replies":[{"embeddable":true,"href":"https:\/\/www.restaurantwilliams.com\/cs\/wp-json\/wp\/v2\/comments?post=4"}],"version-history":[{"count":0,"href":"https:\/\/www.restaurantwilliams.com\/cs\/wp-json\/wp\/v2\/pages\/4\/revisions"}],"wp:attachment":[{"href":"https:\/\/www.restaurantwilliams.com\/cs\/wp-json\/wp\/v2\/media?parent=4"}],"curies":[{"name":"wp","href":"https:\/\/api.w.org\/{rel}","templated":true}]}}